{"id":4639,"date":"2024-09-04T15:42:44","date_gmt":"2024-09-04T13:42:44","guid":{"rendered":"https:\/\/lesjeuxdedames.fr\/?page_id=4639"},"modified":"2025-01-03T16:41:15","modified_gmt":"2025-01-03T15:41:15","slug":"les-carnets","status":"publish","type":"page","link":"https:\/\/lesjeuxdedames.com\/en\/les-carnets\/","title":{"rendered":"The notebooks"},"content":{"rendered":"<div data-elementor-type=\"wp-page\" data-elementor-id=\"4639\" class=\"elementor elementor-4639\">\n\t\t\t\t<div class=\"elementor-element elementor-element-70d8dc2 e-flex e-con-boxed e-con e-parent\" data-id=\"70d8dc2\" data-element_type=\"container\" data-settings=\"{&quot;background_background&quot;:&quot;classic&quot;}\">\n\t\t\t\t\t<div class=\"e-con-inner\">\n\t\t\t\t<div class=\"elementor-element elementor-element-3a4d38d elementor-widget elementor-widget-spacer\" data-id=\"3a4d38d\" data-element_type=\"widget\" data-widget_type=\"spacer.default\">\n\t\t\t\t<div class=\"elementor-widget-container\">\n\t\t\t\t\t<div class=\"elementor-spacer\">\n\t\t\t<div class=\"elementor-spacer-inner\"><\/div>\n\t\t<\/div>\n\t\t\t\t<\/div>\n\t\t\t\t<\/div>\n\t\t\t\t<div class=\"elementor-element elementor-element-2763db0 rm_has-icon_size_animation media_position-outer elementor-widget elementor-widget-wgl-time-line-vertical\" data-id=\"2763db0\" data-element_type=\"widget\" data-widget_type=\"wgl-time-line-vertical.default\">\n\t\t\t\t<div class=\"elementor-widget-container\">\n\t\t\t<div class=\"wgl-timeline-vertical appear_animation breakpoint_on-mobile\"><div class=\"tlv__items-wrapper elementor-repeater-item-1f83922\"><div class=\"tlv__item has_media\">\n                    <div class=\"tlv__curve-wrapper\">\n                        <div class=\"dot\"><\/div>\n                    <\/div>\n                    <div class=\"tlv__volume-wrapper\">\n                        <div class=\"tlv__content-wrapper\"><span class=\"tlv__bg_date\">2020<\/span><div class=\"tlv__content\"><h3 class=\"tlv__title\">Notebook #1<\/h3><div class=\"tlv__text\"><p><span style=\"font-size: 14px\">A dream project that introduces us to four women committed to creation. Behind each work lies a journey, a talent, a passion that we want to share in this notebook. The reports are by Anne Lardy-Crapet and Delfine Ferr\u00e9.<\/span><\/p><\/div><\/div>\n                        <\/div>\n                    <\/div>\n                <\/div><div class=\"tlv__item image\">\n                    <div class=\"tlv__media\"><img decoding=\"async\" class=\"tlv__thumbnail--idle\" src=\"https:\/\/lesjeuxdedames.fr\/wp-content\/uploads\/2024\/09\/carnetJDD-2020.jpg\" alt=\"carnetJDD-2020\"\/><\/div>\n                <\/div><\/div><div class=\"tlv__items-wrapper elementor-repeater-item-c03509e\"><div class=\"tlv__item has_media\">\n                    <div class=\"tlv__curve-wrapper\">\n                        <div class=\"dot\"><\/div>\n                    <\/div>\n                    <div class=\"tlv__volume-wrapper\">\n                        <div class=\"tlv__content-wrapper\"><div class=\"tlv__content\"><h3 class=\"tlv__title\">The design<\/h3><div class=\"tlv__text\"><p><span>The fruit of this collaboration with students from the Graphic Industries course at the Andr\u00e9 Malraux high school in Montereau has created a bond. This teamwork was built as part of an educational project in a vocational high school. Showing and providing advice and techniques were the building blocks of this booklet.<\/span><span><\/span><\/p><\/div><\/div>\n                        <\/div>\n                    <\/div>\n                <\/div><div class=\"tlv__item image\">\n                    <div class=\"tlv__media\"><img decoding=\"async\" class=\"tlv__thumbnail--idle\" src=\"https:\/\/lesjeuxdedames.fr\/wp-content\/uploads\/2024\/09\/carnetJDD-conception1.jpg\" alt=\"carnetJDD-conception1\"\/><\/div>\n                <\/div><\/div><div class=\"tlv__items-wrapper elementor-repeater-item-eceb1c6\"><div class=\"tlv__item has_media\">\n                    <div class=\"tlv__curve-wrapper\">\n                        <div class=\"dot\"><\/div>\n                    <\/div>\n                    <div class=\"tlv__volume-wrapper\">\n                        <div class=\"tlv__content-wrapper\"><div class=\"tlv__content\"><h3 class=\"tlv__title\">The assembly<\/h3><div class=\"tlv__text\"><p><span>The design and all stages of graphic and printed production were carried out with the students and teachers at the school.<\/span><\/p><\/div><\/div>\n                        <\/div>\n                    <\/div>\n                <\/div><div class=\"tlv__item image\">\n                    <div class=\"tlv__media\"><img decoding=\"async\" class=\"tlv__thumbnail--idle\" src=\"https:\/\/lesjeuxdedames.fr\/wp-content\/uploads\/2024\/09\/carnetJDD-conception2.jpg\" alt=\"carnetJDD-conception2\"\/><\/div>\n                <\/div><\/div><div class=\"tlv__items-wrapper elementor-repeater-item-237aee1\"><div class=\"tlv__item has_media\">\n                    <div class=\"tlv__curve-wrapper\">\n                        <div class=\"dot\"><\/div>\n                    <\/div>\n                    <div class=\"tlv__volume-wrapper\">\n                        <div class=\"tlv__content-wrapper\"><span class=\"tlv__bg_date\">2022<\/span><div class=\"tlv__content\"><h3 class=\"tlv__title\">Notebook #2<\/h3><div class=\"tlv__text\"><p>In this booklet, we highlight passionate artists and craftswomen whose talent, creativity and authenticity enrich the artistic and cultural landscape. Through their work, their skills and their unique vision, these women demonstrate a deep commitment to beauty, innovation and the preservation of tradition. With each project, they open doors to new horizons and offer fresh perspectives, while cultivating a rich diversity of artistic expression.<\/p><\/div><\/div>\n                        <\/div>\n                    <\/div>\n                <\/div><div class=\"tlv__item image\">\n                    <div class=\"tlv__media\"><img decoding=\"async\" class=\"tlv__thumbnail--idle\" src=\"https:\/\/lesjeuxdedames.fr\/wp-content\/uploads\/2024\/09\/carnetJDD-2022.jpg\" alt=\"carnetJDD-2022\"\/><\/div>\n                <\/div><\/div><div class=\"tlv__item-start\"><\/div><div class=\"tlv__item-end\"><\/div><\/div>\t\t<\/div>\n\t\t\t\t<\/div>\n\t\t\t\t\t<\/div>\n\t\t\t\t<\/div>\n\t\t<div class=\"elementor-element elementor-element-0178e78 e-flex e-con-boxed e-con e-parent\" data-id=\"0178e78\" data-element_type=\"container\" data-settings=\"{&quot;background_background&quot;:&quot;classic&quot;}\">\n\t\t\t\t\t<div class=\"e-con-inner\">\n\t\t<div class=\"elementor-element elementor-element-880b115 e-con-full e-flex e-con e-child\" data-id=\"880b115\" data-element_type=\"container\">\n\t\t\t\t<div class=\"elementor-element elementor-element-60d648c aleft elementor-widget elementor-widget-wgl-double-heading\" data-id=\"60d648c\" data-element_type=\"widget\" data-widget_type=\"wgl-double-heading.default\">\n\t\t\t\t<div class=\"elementor-widget-container\">\n\t\t\t<div class=\"wgl-double-heading\"><h3 class=\"dblh__title-wrapper\"><span class=\"dblh__title dblh__title-1\">The notebooks of<br\/><\/span><span class=\"dblh__title dblh__title-2\">JeuxdeDames<\/span><\/h3><\/div>\t\t<\/div>\n\t\t\t\t<\/div>\n\t\t\t\t<\/div>\n\t\t<div class=\"elementor-element elementor-element-c24efd0 e-con-full e-flex e-con e-child\" data-id=\"c24efd0\" data-element_type=\"container\">\n\t\t\t\t<div class=\"elementor-element elementor-element-225deff elementor-widget elementor-widget-text-editor\" data-id=\"225deff\" data-element_type=\"widget\" data-widget_type=\"text-editor.default\">\n\t\t\t\t<div class=\"elementor-widget-container\">\n\t\t\t\t\t\t\t<p><span style=\"font-weight: 500;\">Our notebooks are sold for \u20ac8 each.<\/span><\/p><p>You can buy it at the following locations:<\/p><ul><li>La librairie Michel, rue de la paroisse Fontainebleau<\/li><li>la librairie N\u00e9nuphar, rue des sablons Fontainebleau,<\/li><li>La Caravane des Arts, rue Grande Moret-sur-Loing<\/li><\/ul><p>Don't hesitate to contact us for more information on the purchase of our products.<\/p>\t\t\t\t\t\t<\/div>\n\t\t\t\t<\/div>\n\t\t\t\t<div class=\"elementor-element elementor-element-1383e19 aleft elementor-widget-icon-box wgl-icon-box elementor-widget elementor-widget-wgl-button\" data-id=\"1383e19\" data-element_type=\"widget\" data-widget_type=\"wgl-button.default\">\n\t\t\t\t<div class=\"elementor-widget-container\">\n\t\t\t<a class=\"wgl-button btn-size-sm\" role=\"button\" href=\"\/en\/contact\/\"><div class=\"button__content align-icon-left\"><div class=\"media-wrapper icon-wrapper\"><span class=\"wgl-icon\" ><i class=\"icon elementor-icon flaticon flaticon-down-right-arrow\" aria-hidden=\"true\"><\/i><\/span><\/div><span class=\"button__text\">Contact us<\/span><\/div><\/a>\t\t<\/div>\n\t\t\t\t<\/div>\n\t\t\t\t<\/div>\n\t\t\t\t\t<\/div>\n\t\t\t\t<\/div>\n\t\t\t\t<\/div>","protected":false},"excerpt":{"rendered":"<p>2020 Carnet n\u00b01 Un projet r\u00eav\u00e9 qui am\u00e8ne \u00e0 d\u00e9couvrir quatre femmes engag\u00e9es dans la cr\u00e9ation. Derri\u00e8re chaque oeuvre se d\u00e9roule un parcours, un talent, une passion que nous d\u00e9sirons partager dans ce carnet. Les reportages sont r\u00e9alis\u00e9s par Anne Lardy-Crapet et Delfine Ferr\u00e9. La conception Le fruit de cette collaboration avec les \u00e9tudiants de [&hellip;]<\/p>","protected":false},"author":1,"featured_media":0,"parent":0,"menu_order":0,"comment_status":"closed","ping_status":"closed","template":"","meta":{"footnotes":""},"class_list":["post-4639","page","type-page","status-publish","hentry"],"_links":{"self":[{"href":"https:\/\/lesjeuxdedames.com\/en\/wp-json\/wp\/v2\/pages\/4639","targetHints":{"allow":["GET"]}}],"collection":[{"href":"https:\/\/lesjeuxdedames.com\/en\/wp-json\/wp\/v2\/pages"}],"about":[{"href":"https:\/\/lesjeuxdedames.com\/en\/wp-json\/wp\/v2\/types\/page"}],"author":[{"embeddable":true,"href":"https:\/\/lesjeuxdedames.com\/en\/wp-json\/wp\/v2\/users\/1"}],"replies":[{"embeddable":true,"href":"https:\/\/lesjeuxdedames.com\/en\/wp-json\/wp\/v2\/comments?post=4639"}],"version-history":[{"count":22,"href":"https:\/\/lesjeuxdedames.com\/en\/wp-json\/wp\/v2\/pages\/4639\/revisions"}],"predecessor-version":[{"id":7962,"href":"https:\/\/lesjeuxdedames.com\/en\/wp-json\/wp\/v2\/pages\/4639\/revisions\/7962"}],"wp:attachment":[{"href":"https:\/\/lesjeuxdedames.com\/en\/wp-json\/wp\/v2\/media?parent=4639"}],"curies":[{"name":"wp","href":"https:\/\/api.w.org\/{rel}","templated":true}]}}